{"id":362,"date":"2025-01-20T14:32:13","date_gmt":"2025-01-20T14:32:13","guid":{"rendered":"https:\/\/dev.holz-hahn.at\/wp\/?page_id=362"},"modified":"2025-02-11T14:44:33","modified_gmt":"2025-02-11T14:44:33","slug":"impressum","status":"publish","type":"page","link":"https:\/\/holz-hahn.at\/wp\/impressum\/","title":{"rendered":"Impressum"},"content":{"rendered":"\t\t<div data-elementor-type=\"wp-page\" data-elementor-id=\"362\" class=\"elementor elementor-362\" data-elementor-post-type=\"page\">\n\t\t\t\t<div class=\"elementor-element elementor-element-47336ed3 e-flex e-con-boxed e-con e-parent\" data-id=\"47336ed3\" data-element_type=\"container\" data-e-type=\"container\">\n\t\t\t\t\t<div class=\"e-con-inner\">\n\t\t\t\t<div class=\"elementor-element elementor-element-4a17b5a elementor-widget elementor-widget-spacer\" data-id=\"4a17b5a\" data-element_type=\"widget\" data-e-type=\"widget\" data-widget_type=\"spacer.default\">\n\t\t\t\t<div class=\"elementor-widget-container\">\n\t\t\t\t\t\t\t<div class=\"elementor-spacer\">\n\t\t\t<div class=\"elementor-spacer-inner\"><\/div>\n\t\t<\/div>\n\t\t\t\t\t\t<\/div>\n\t\t\t\t<\/div>\n\t\t\t\t<div class=\"elementor-element elementor-element-464295f6 elementor-widget elementor-widget-heading\" data-id=\"464295f6\" data-element_type=\"widget\" data-e-type=\"widget\" data-widget_type=\"heading.default\">\n\t\t\t\t<div class=\"elementor-widget-container\">\n\t\t\t\t\t<h3 class=\"elementor-heading-title elementor-size-default\">Impressum<\/h3>\t\t\t\t<\/div>\n\t\t\t\t<\/div>\n\t\t<div class=\"elementor-element elementor-element-233ab25a e-grid e-con-full e-con e-child\" data-id=\"233ab25a\" data-element_type=\"container\" data-e-type=\"container\">\n\t\t\t\t<div class=\"elementor-element elementor-element-382a93b3 elementor-widget elementor-widget-text-editor\" data-id=\"382a93b3\" data-element_type=\"widget\" data-e-type=\"widget\" data-widget_type=\"text-editor.default\">\n\t\t\t\t<div class=\"elementor-widget-container\">\n\t\t\t\t\t\t\t\t\t<p>Holz-Hahn GmbH <br \/>Gr\u00fcnbach 23<br \/>A-3911 Rappottenstein<br \/>\u00d6sterreich<\/p><p>Telefon: +43 (0) 2828 8329<br \/>Fax: +43 (0) 2828 8329-4<br \/>E-Mail: <a href=\"mailto:office@holz-hahn.at\" target=\"_blank\" rel=\"noopener\">office@holz-hahn.at<\/a>\u00a0<br \/>Homepage: <a href=\"https:\/\/www.holz-hahn.at\" target=\"_blank\" rel=\"noopener\">www.holz-hahn.at<\/a><\/p><p>Gesellschaft mit beschr\u00e4nkter Haftung<br \/>UID-Nummer: ATU 61295789<\/p><p>Firmenbuchnummer: FN 253764 h <br \/>Firmenbuchgericht: Landesgericht Krems an der Donau<\/p><p>Gesch\u00e4ftsf\u00fchrende Gesellschafter: Hahn G\u00fcnther, Gernot, Georg<\/p><p>Unternehmensgegenstand: Holzindustrie <br \/>Gewerbeordnung: abrufbar unter <a href=\"https:\/\/www.ris.bka.gv.at\" target=\"_blank\" rel=\"noopener\">www.ris.bka.gv.at\u00a0<\/a><br \/>Gewerbebeh\u00f6rde: Bezirkshauptmannschaft Zwettl<br \/>Mitglied der Wirtschaftskammer \u00d6sterreich, MH-MassivHolz Austria<\/p><p><img decoding=\"async\" class=\"alignnone wp-image-773\" src=\"https:\/\/holz-hahn.at\/wp\/wp-content\/uploads\/2025\/02\/mhlogo300dpi-150x150.jpg\" alt=\"\" width=\"100\" height=\"100\" srcset=\"https:\/\/holz-hahn.at\/wp\/wp-content\/uploads\/2025\/02\/mhlogo300dpi-150x150.jpg 150w, https:\/\/holz-hahn.at\/wp\/wp-content\/uploads\/2025\/02\/mhlogo300dpi-300x300.jpg 300w, https:\/\/holz-hahn.at\/wp\/wp-content\/uploads\/2025\/02\/mhlogo300dpi-1021x1024.jpg 1021w, https:\/\/holz-hahn.at\/wp\/wp-content\/uploads\/2025\/02\/mhlogo300dpi-768x770.jpg 768w, https:\/\/holz-hahn.at\/wp\/wp-content\/uploads\/2025\/02\/mhlogo300dpi-1532x1536.jpg 1532w, https:\/\/holz-hahn.at\/wp\/wp-content\/uploads\/2025\/02\/mhlogo300dpi.jpg 1958w\" sizes=\"(max-width: 100px) 100vw, 100px\" \/><\/p><p>Webdesign und Fotos: Mag. Matthias Ledwinka \/www.delight-grafik.at<\/p><p>\u00a9 Holz-Hahn GmbH 2024<br \/>Alle Inhalte dieser Webseite (Bilder, Fotos, Texte, Videos) unterliegen dem Urheberrecht. Falls notwendig, werden wir die unerlaubte Nutzung von Teilen der Inhalte unserer Seite rechtlich verfolgen.<\/p><p>Haftungshinweis:<br \/>Trotz sorgf\u00e4ltiger inhaltlicher Kontrolle \u00fcbernehmen wir keine Haftung f\u00fcr die Inhalte dieser Seite.<br \/>F\u00fcr die Inhalte von verlinkten Seiten sind ausschlie\u00dflich die Betreiber verantwortlich.<\/p><p>Unsere Datenschutzerkl\u00e4rung finden sie hier: <a href=\"https:\/\/holz-hahn.at\/wp\/wp-content\/uploads\/2025\/01\/Datenschutzerklaerung.pdf\" target=\"_blank\" rel=\"noopener\">PDF herunterladen<\/a><\/p>\t\t\t\t\t\t\t\t<\/div>\n\t\t\t\t<\/div>\n\t\t\t\t<\/div>\n\t\t\t\t<div class=\"elementor-element elementor-element-7c12550e elementor-widget elementor-widget-spacer\" data-id=\"7c12550e\" data-element_type=\"widget\" data-e-type=\"widget\" data-widget_type=\"spacer.default\">\n\t\t\t\t<div class=\"elementor-widget-container\">\n\t\t\t\t\t\t\t<div class=\"elementor-spacer\">\n\t\t\t<div class=\"elementor-spacer-inner\"><\/div>\n\t\t<\/div>\n\t\t\t\t\t\t<\/div>\n\t\t\t\t<\/div>\n\t\t\t\t\t<\/div>\n\t\t\t\t<\/div>\n\t\t\t\t<\/div>\n\t\t","protected":false},"excerpt":{"rendered":"<p>Impressum Holz-Hahn GmbH Gr\u00fcnbach 23A-3911 Rappottenstein\u00d6sterreich Telefon: +43 (0) 2828 8329Fax: +43 (0) 2828 8329-4E-Mail: office@holz-hahn.at\u00a0Homepage: www.holz-hahn.at Gesellschaft mit beschr\u00e4nkter HaftungUID-Nummer: ATU 61295789 Firmenbuchnummer: FN 253764 h Firmenbuchgericht: Landesgericht Krems an der Donau Gesch\u00e4ftsf\u00fchrende Gesellschafter: Hahn G\u00fcnther, Gernot, Georg Unternehmensgegenstand: Holzindustrie Gewerbeordnung: abrufbar unter www.ris.bka.gv.at\u00a0Gewerbebeh\u00f6rde: Bezirkshauptmannschaft ZwettlMitglied der Wirtschaftskammer \u00d6sterreich, MH-MassivHolz Austria Webdesign und Fotos: [&hellip;]<\/p>\n","protected":false},"author":2,"featured_media":0,"parent":0,"menu_order":0,"comment_status":"closed","ping_status":"closed","template":"","meta":{"footnotes":""},"class_list":["post-362","page","type-page","status-publish","hentry"],"_links":{"self":[{"href":"https:\/\/holz-hahn.at\/wp\/wp-json\/wp\/v2\/pages\/362","targetHints":{"allow":["GET"]}}],"collection":[{"href":"https:\/\/holz-hahn.at\/wp\/wp-json\/wp\/v2\/pages"}],"about":[{"href":"https:\/\/holz-hahn.at\/wp\/wp-json\/wp\/v2\/types\/page"}],"author":[{"embeddable":true,"href":"https:\/\/holz-hahn.at\/wp\/wp-json\/wp\/v2\/users\/2"}],"replies":[{"embeddable":true,"href":"https:\/\/holz-hahn.at\/wp\/wp-json\/wp\/v2\/comments?post=362"}],"version-history":[{"count":0,"href":"https:\/\/holz-hahn.at\/wp\/wp-json\/wp\/v2\/pages\/362\/revisions"}],"wp:attachment":[{"href":"https:\/\/holz-hahn.at\/wp\/wp-json\/wp\/v2\/media?parent=362"}],"curies":[{"name":"wp","href":"https:\/\/api.w.org\/{rel}","templated":true}]}}